{"id":1212,"date":"2023-10-25T22:32:02","date_gmt":"2023-10-25T22:32:02","guid":{"rendered":"http:\/\/52.86.106.62\/?page_id=1212"},"modified":"2023-11-07T18:06:19","modified_gmt":"2023-11-07T18:06:19","slug":"donar","status":"publish","type":"page","link":"https:\/\/www.amancedomex.org\/?page_id=1212","title":{"rendered":"DONAR"},"content":{"rendered":"\t\t<div data-elementor-type=\"wp-page\" data-elementor-id=\"1212\" class=\"elementor elementor-1212\">\n\t\t\t\t\t\t\t<div class=\"elementor-element elementor-element-489e00d5 e-con-full e-flex e-con e-parent\" data-id=\"489e00d5\" data-element_type=\"container\" data-settings=\"{&quot;content_width&quot;:&quot;full&quot;,&quot;background_background&quot;:&quot;classic&quot;}\" data-core-v316-plus=\"true\">\n\t\t<div class=\"elementor-element elementor-element-4085d726 e-con-full e-flex e-con e-child\" data-id=\"4085d726\" data-element_type=\"container\" data-settings=\"{&quot;content_width&quot;:&quot;full&quot;}\">\n\t\t\t\t<div class=\"elementor-element elementor-element-210fb9c animated-slow elementor-invisible elementor-widget elementor-widget-image\" data-id=\"210fb9c\" data-element_type=\"widget\" data-settings=\"{&quot;_animation&quot;:&quot;fadeInLeft&quot;}\" data-widget_type=\"image.default\">\n\t\t\t\t<div class=\"elementor-widget-container\">\n\t\t\t<style>\/*! elementor - v3.16.0 - 17-10-2023 *\/\n.elementor-widget-image{text-align:center}.elementor-widget-image a{display:inline-block}.elementor-widget-image a img[src$=\".svg\"]{width:48px}.elementor-widget-image img{vertical-align:middle;display:inline-block}<\/style>\t\t\t\t\t\t\t\t\t\t\t\t<img loading=\"lazy\" decoding=\"async\" width=\"540\" height=\"210\" src=\"https:\/\/www.amancedomex.org\/wp-content\/uploads\/2023\/11\/DONAR3.png\" class=\"attachment-large size-large wp-image-2821\" alt=\"\" srcset=\"https:\/\/www.amancedomex.org\/wp-content\/uploads\/2023\/11\/DONAR3.png 540w, https:\/\/www.amancedomex.org\/wp-content\/uploads\/2023\/11\/DONAR3-300x117.png 300w\" sizes=\"auto, (max-width: 540px) 100vw, 540px\" \/>\t\t\t\t\t\t\t\t\t\t\t\t\t\t\t<\/div>\n\t\t\t\t<\/div>\n\t\t\t\t<\/div>\n\t\t<div class=\"elementor-element elementor-element-1fff5e8e e-con-full e-flex e-con e-child\" data-id=\"1fff5e8e\" data-element_type=\"container\" data-settings=\"{&quot;content_width&quot;:&quot;full&quot;}\">\n\t\t\t\t<\/div>\n\t\t\t\t<\/div>\n\t\t<div class=\"elementor-element elementor-element-2ea32f1e e-flex e-con-boxed e-con e-parent\" data-id=\"2ea32f1e\" data-element_type=\"container\" data-settings=\"{&quot;content_width&quot;:&quot;boxed&quot;}\" data-core-v316-plus=\"true\">\n\t\t\t\t\t<div class=\"e-con-inner\">\n\t\t\t\t<div class=\"elementor-element elementor-element-816d22c elementor-widget elementor-widget-spacer\" data-id=\"816d22c\" data-element_type=\"widget\" data-widget_type=\"spacer.default\">\n\t\t\t\t<div class=\"elementor-widget-container\">\n\t\t\t<style>\/*! elementor - v3.16.0 - 17-10-2023 *\/\n.elementor-column .elementor-spacer-inner{height:var(--spacer-size)}.e-con{--container-widget-width:100%}.e-con-inner>.elementor-widget-spacer,.e-con>.elementor-widget-spacer{width:var(--container-widget-width,var(--spacer-size));--align-self:var(--container-widget-align-self,initial);--flex-shrink:0}.e-con-inner>.elementor-widget-spacer>.elementor-widget-container,.e-con>.elementor-widget-spacer>.elementor-widget-container{height:100%;width:100%}.e-con-inner>.elementor-widget-spacer>.elementor-widget-container>.elementor-spacer,.e-con>.elementor-widget-spacer>.elementor-widget-container>.elementor-spacer{height:100%}.e-con-inner>.elementor-widget-spacer>.elementor-widget-container>.elementor-spacer>.elementor-spacer-inner,.e-con>.elementor-widget-spacer>.elementor-widget-container>.elementor-spacer>.elementor-spacer-inner{height:var(--container-widget-height,var(--spacer-size))}.e-con-inner>.elementor-widget-spacer.elementor-widget-empty,.e-con>.elementor-widget-spacer.elementor-widget-empty{position:relative;min-height:22px;min-width:22px}.e-con-inner>.elementor-widget-spacer.elementor-widget-empty .elementor-widget-empty-icon,.e-con>.elementor-widget-spacer.elementor-widget-empty .elementor-widget-empty-icon{position:absolute;top:0;bottom:0;left:0;right:0;margin:auto;padding:0;width:22px;height:22px}<\/style>\t\t<div class=\"elementor-spacer\">\n\t\t\t<div class=\"elementor-spacer-inner\"><\/div>\n\t\t<\/div>\n\t\t\t\t<\/div>\n\t\t\t\t<\/div>\n\t\t\t\t<div class=\"elementor-element elementor-element-257c5fbc elementor-widget elementor-widget-heading\" data-id=\"257c5fbc\" data-element_type=\"widget\" data-widget_type=\"heading.default\">\n\t\t\t\t<div class=\"elementor-widget-container\">\n\t\t\t<style>\/*! elementor - v3.16.0 - 17-10-2023 *\/\n.elementor-heading-title{padding:0;margin:0;line-height:1}.elementor-widget-heading .elementor-heading-title[class*=elementor-size-]>a{color:inherit;font-size:inherit;line-height:inherit}.elementor-widget-heading .elementor-heading-title.elementor-size-small{font-size:15px}.elementor-widget-heading .elementor-heading-title.elementor-size-medium{font-size:19px}.elementor-widget-heading .elementor-heading-title.elementor-size-large{font-size:29px}.elementor-widget-heading .elementor-heading-title.elementor-size-xl{font-size:39px}.elementor-widget-heading .elementor-heading-title.elementor-size-xxl{font-size:59px}<\/style><h2 class=\"elementor-heading-title elementor-size-default\">DONACIONES ECON\u00d3MICAS <\/h2>\t\t<\/div>\n\t\t\t\t<\/div>\n\t\t\t\t<div class=\"elementor-element elementor-element-3c7630a9 elementor-widget elementor-widget-text-editor\" data-id=\"3c7630a9\" data-element_type=\"widget\" data-widget_type=\"text-editor.default\">\n\t\t\t\t<div class=\"elementor-widget-container\">\n\t\t\t<style>\/*! elementor - v3.16.0 - 17-10-2023 *\/\n.elementor-widget-text-editor.elementor-drop-cap-view-stacked .elementor-drop-cap{background-color:#69727d;color:#fff}.elementor-widget-text-editor.elementor-drop-cap-view-framed .elementor-drop-cap{color:#69727d;border:3px solid;background-color:transparent}.elementor-widget-text-editor:not(.elementor-drop-cap-view-default) .elementor-drop-cap{margin-top:8px}.elementor-widget-text-editor:not(.elementor-drop-cap-view-default) .elementor-drop-cap-letter{width:1em;height:1em}.elementor-widget-text-editor .elementor-drop-cap{float:left;text-align:center;line-height:1;font-size:50px}.elementor-widget-text-editor .elementor-drop-cap-letter{display:inline-block}<\/style>\t\t\t\t<p>DATOS BANCARIOS BBVA BANCOMER, S.A. INSTITUCI\u00d3N DE BANCA M\u00daLTIPLE, GRUPO FINANCIERO BBVA BANCOMER ASOCIACI\u00d3N MEXICANA DE AYUDA A NI\u00d1OS CON C\u00c1NCER DEL ESTADO DE M\u00c9XICO, AMANC, IAP<\/p><p><strong>No. DE CUENTA: 0163582280 CLABE INTERBANCARIA: 012420001635822806<\/strong><\/p>\t\t\t\t\t\t<\/div>\n\t\t\t\t<\/div>\n\t\t\t\t<div class=\"elementor-element elementor-element-64b9c98 elementor-align-center elementor-widget elementor-widget-button\" data-id=\"64b9c98\" data-element_type=\"widget\" data-widget_type=\"button.default\">\n\t\t\t\t<div class=\"elementor-widget-container\">\n\t\t\t\t\t<div class=\"elementor-button-wrapper\">\n\t\t\t<a class=\"elementor-button elementor-button-link elementor-size-sm\" href=\"https:\/\/www.paypal.com\/paypalme\/AMANCESTADODEMEXICO\">\n\t\t\t\t\t\t<span class=\"elementor-button-content-wrapper\">\n\t\t\t\t\t\t<span class=\"elementor-button-text\">PAYPAY<\/span>\n\t\t<\/span>\n\t\t\t\t\t<\/a>\n\t\t<\/div>\n\t\t\t\t<\/div>\n\t\t\t\t<\/div>\n\t\t\t\t<div class=\"elementor-element elementor-element-fec4a92 elementor-widget elementor-widget-spacer\" data-id=\"fec4a92\" data-element_type=\"widget\" data-widget_type=\"spacer.default\">\n\t\t\t\t<div class=\"elementor-widget-container\">\n\t\t\t\t\t<div class=\"elementor-spacer\">\n\t\t\t<div class=\"elementor-spacer-inner\"><\/div>\n\t\t<\/div>\n\t\t\t\t<\/div>\n\t\t\t\t<\/div>\n\t\t\t\t<div class=\"elementor-element elementor-element-0fe4bbd elementor-widget elementor-widget-heading\" data-id=\"0fe4bbd\" data-element_type=\"widget\" data-widget_type=\"heading.default\">\n\t\t\t\t<div class=\"elementor-widget-container\">\n\t\t\t<h2 class=\"elementor-heading-title elementor-size-default\">DONACIONES EN ESPECIE <\/h2>\t\t<\/div>\n\t\t\t\t<\/div>\n\t\t\t\t<div class=\"elementor-element elementor-element-59c1912 elementor-widget elementor-widget-text-editor\" data-id=\"59c1912\" data-element_type=\"widget\" data-widget_type=\"text-editor.default\">\n\t\t\t\t<div class=\"elementor-widget-container\">\n\t\t\t\t\t\t\t<p><strong>CONOCE NUESTRA LISTA DE NECESIDADES\u00a0<\/strong><\/p>\t\t\t\t\t\t<\/div>\n\t\t\t\t<\/div>\n\t\t\t\t<div class=\"elementor-element elementor-element-16fa9e9 elementor-align-center elementor-widget elementor-widget-button\" data-id=\"16fa9e9\" data-element_type=\"widget\" data-widget_type=\"button.default\">\n\t\t\t\t<div class=\"elementor-widget-container\">\n\t\t\t\t\t<div class=\"elementor-button-wrapper\">\n\t\t\t<a class=\"elementor-button elementor-button-link elementor-size-sm\" href=\"https:\/\/api.whatsapp.com\/send\/?phone=5217225456688&#038;text&#038;type=phone_number&#038;app_absent=0\">\n\t\t\t\t\t\t<span class=\"elementor-button-content-wrapper\">\n\t\t\t\t\t\t<span class=\"elementor-button-icon elementor-align-icon-left\">\n\t\t\t\t<i aria-hidden=\"true\" class=\"fab fa-whatsapp\"><\/i>\t\t\t<\/span>\n\t\t\t\t\t\t<span class=\"elementor-button-text\">DONAR<\/span>\n\t\t<\/span>\n\t\t\t\t\t<\/a>\n\t\t<\/div>\n\t\t\t\t<\/div>\n\t\t\t\t<\/div>\n\t\t\t\t<div class=\"elementor-element elementor-element-782b2aa elementor-widget elementor-widget-spacer\" data-id=\"782b2aa\" data-element_type=\"widget\" data-widget_type=\"spacer.default\">\n\t\t\t\t<div class=\"elementor-widget-container\">\n\t\t\t\t\t<div class=\"elementor-spacer\">\n\t\t\t<div class=\"elementor-spacer-inner\"><\/div>\n\t\t<\/div>\n\t\t\t\t<\/div>\n\t\t\t\t<\/div>\n\t\t\t\t<div class=\"elementor-element elementor-element-a9b4ea0 elementor-widget elementor-widget-heading\" data-id=\"a9b4ea0\" data-element_type=\"widget\" data-widget_type=\"heading.default\">\n\t\t\t\t<div class=\"elementor-widget-container\">\n\t\t\t<h2 class=\"elementor-heading-title elementor-size-default\">SUPLEMENTOS <\/h2>\t\t<\/div>\n\t\t\t\t<\/div>\n\t\t\t\t<div class=\"elementor-element elementor-element-e1ccf06 elementor-widget elementor-widget-spacer\" data-id=\"e1ccf06\" data-element_type=\"widget\" data-widget_type=\"spacer.default\">\n\t\t\t\t<div class=\"elementor-widget-container\">\n\t\t\t\t\t<div class=\"elementor-spacer\">\n\t\t\t<div class=\"elementor-spacer-inner\"><\/div>\n\t\t<\/div>\n\t\t\t\t<\/div>\n\t\t\t\t<\/div>\n\t\t\t\t<div class=\"elementor-element elementor-element-bf875d0 elementor-arrows-position-inside elementor-widget elementor-widget-image-carousel\" data-id=\"bf875d0\" data-element_type=\"widget\" data-settings=\"{&quot;slides_to_show&quot;:&quot;3&quot;,&quot;navigation&quot;:&quot;arrows&quot;,&quot;autoplay&quot;:&quot;yes&quot;,&quot;pause_on_hover&quot;:&quot;yes&quot;,&quot;pause_on_interaction&quot;:&quot;yes&quot;,&quot;autoplay_speed&quot;:5000,&quot;infinite&quot;:&quot;yes&quot;,&quot;speed&quot;:500}\" data-widget_type=\"image-carousel.default\">\n\t\t\t\t<div class=\"elementor-widget-container\">\n\t\t\t<style>\/*! elementor - v3.16.0 - 17-10-2023 *\/\n.elementor-widget-image-carousel .swiper,.elementor-widget-image-carousel .swiper-container{position:static}.elementor-widget-image-carousel .swiper-container .swiper-slide figure,.elementor-widget-image-carousel .swiper .swiper-slide figure{line-height:inherit}.elementor-widget-image-carousel .swiper-slide{text-align:center}.elementor-image-carousel-wrapper:not(.swiper-container-initialized):not(.swiper-initialized) .swiper-slide{max-width:calc(100% \/ var(--e-image-carousel-slides-to-show, 3))}<\/style>\t\t<div class=\"elementor-image-carousel-wrapper swiper\" dir=\"ltr\">\n\t\t\t<div class=\"elementor-image-carousel swiper-wrapper\" aria-live=\"off\">\n\t\t\t\t\t\t\t\t<div class=\"swiper-slide\" role=\"group\" aria-roledescription=\"slide\" aria-label=\"1 of 5\"><figure class=\"swiper-slide-inner\"><img decoding=\"async\" class=\"swiper-slide-image\" src=\"https:\/\/www.amancedomex.org\/wp-content\/uploads\/2023\/11\/WhatsApp-Image-2023-09-29-at-14.34.21-3-300x300.jpeg\" alt=\"WhatsApp Image 2023-09-29 at 14.34.21 (3)\" \/><\/figure><\/div><div class=\"swiper-slide\" role=\"group\" aria-roledescription=\"slide\" aria-label=\"2 of 5\"><figure class=\"swiper-slide-inner\"><img decoding=\"async\" class=\"swiper-slide-image\" src=\"https:\/\/www.amancedomex.org\/wp-content\/uploads\/2023\/11\/WhatsApp-Image-2023-09-29-at-14.34.21-2-300x300.jpeg\" alt=\"WhatsApp Image 2023-09-29 at 14.34.21 (2)\" \/><\/figure><\/div><div class=\"swiper-slide\" role=\"group\" aria-roledescription=\"slide\" aria-label=\"3 of 5\"><figure class=\"swiper-slide-inner\"><img decoding=\"async\" class=\"swiper-slide-image\" src=\"https:\/\/www.amancedomex.org\/wp-content\/uploads\/2023\/11\/WhatsApp-Image-2023-09-29-at-14.34.21-1-300x300.jpeg\" alt=\"WhatsApp Image 2023-09-29 at 14.34.21 (1)\" \/><\/figure><\/div><div class=\"swiper-slide\" role=\"group\" aria-roledescription=\"slide\" aria-label=\"4 of 5\"><figure class=\"swiper-slide-inner\"><img decoding=\"async\" class=\"swiper-slide-image\" src=\"https:\/\/www.amancedomex.org\/wp-content\/uploads\/2023\/11\/WhatsApp-Image-2023-09-29-at-14.34.21-300x300.jpeg\" alt=\"WhatsApp Image 2023-09-29 at 14.34.21\" \/><\/figure><\/div><div class=\"swiper-slide\" role=\"group\" aria-roledescription=\"slide\" aria-label=\"5 of 5\"><figure class=\"swiper-slide-inner\"><img decoding=\"async\" class=\"swiper-slide-image\" src=\"https:\/\/www.amancedomex.org\/wp-content\/uploads\/2023\/11\/f328e3ac-22d9-4b25-9458-ba407047f5fe-300x300.jpeg\" alt=\"f328e3ac-22d9-4b25-9458-ba407047f5fe\" \/><\/figure><\/div>\t\t\t<\/div>\n\t\t\t\t\t\t\t\t\t\t\t\t<div class=\"elementor-swiper-button elementor-swiper-button-prev\" role=\"button\" tabindex=\"0\">\n\t\t\t\t\t\t<i aria-hidden=\"true\" class=\"fas fa-chevron-circle-left\"><\/i>\t\t\t\t\t<\/div>\n\t\t\t\t\t<div class=\"elementor-swiper-button elementor-swiper-button-next\" role=\"button\" tabindex=\"0\">\n\t\t\t\t\t\t<i aria-hidden=\"true\" class=\"fas fa-chevron-circle-right\"><\/i>\t\t\t\t\t<\/div>\n\t\t\t\t\n\t\t\t\t\t\t\t\t\t<\/div>\n\t\t\t\t<\/div>\n\t\t\t\t<\/div>\n\t\t\t\t<div class=\"elementor-element elementor-element-2063fb0 elementor-widget elementor-widget-spacer\" data-id=\"2063fb0\" data-element_type=\"widget\" data-widget_type=\"spacer.default\">\n\t\t\t\t<div class=\"elementor-widget-container\">\n\t\t\t\t\t<div class=\"elementor-spacer\">\n\t\t\t<div class=\"elementor-spacer-inner\"><\/div>\n\t\t<\/div>\n\t\t\t\t<\/div>\n\t\t\t\t<\/div>\n\t\t\t\t<div class=\"elementor-element elementor-element-0dd877f elementor-align-center elementor-widget elementor-widget-button\" data-id=\"0dd877f\" data-element_type=\"widget\" data-widget_type=\"button.default\">\n\t\t\t\t<div class=\"elementor-widget-container\">\n\t\t\t\t\t<div class=\"elementor-button-wrapper\">\n\t\t\t<a class=\"elementor-button elementor-button-link elementor-size-sm\" href=\"https:\/\/api.whatsapp.com\/send\/?phone=5217225456688&#038;text&#038;type=phone_number&#038;app_absent=0\">\n\t\t\t\t\t\t<span class=\"elementor-button-content-wrapper\">\n\t\t\t\t\t\t<span class=\"elementor-button-icon elementor-align-icon-left\">\n\t\t\t\t<i aria-hidden=\"true\" class=\"fab fa-whatsapp\"><\/i>\t\t\t<\/span>\n\t\t\t\t\t\t<span class=\"elementor-button-text\">DONAR<\/span>\n\t\t<\/span>\n\t\t\t\t\t<\/a>\n\t\t<\/div>\n\t\t\t\t<\/div>\n\t\t\t\t<\/div>\n\t\t\t\t<div class=\"elementor-element elementor-element-d699495 elementor-widget elementor-widget-spacer\" data-id=\"d699495\" data-element_type=\"widget\" data-widget_type=\"spacer.default\">\n\t\t\t\t<div class=\"elementor-widget-container\">\n\t\t\t\t\t<div class=\"elementor-spacer\">\n\t\t\t<div class=\"elementor-spacer-inner\"><\/div>\n\t\t<\/div>\n\t\t\t\t<\/div>\n\t\t\t\t<\/div>\n\t\t\t\t\t<\/div>\n\t\t\t\t<\/div>\n\t\t\t\t\t\t\t<\/div>\n\t\t","protected":false},"excerpt":{"rendered":"<p>DONACIONES ECON\u00d3MICAS DATOS BANCARIOS BBVA BANCOMER, S.A. INSTITUCI\u00d3N DE BANCA M\u00daLTIPLE, GRUPO FINANCIERO BBVA BANCOMER ASOCIACI\u00d3N MEXICANA DE AYUDA A NI\u00d1OS CON C\u00c1NCER DEL ESTADO DE M\u00c9XICO, AMANC, IAP No. DE CUENTA: 0163582280 CLABE INTERBANCARIA: 012420001635822806 PAYPAY DONACIONES EN ESPECIE CONOCE NUESTRA LISTA DE NECESIDADES\u00a0 DONAR SUPLEMENTOS DONAR<\/p>\n","protected":false},"author":2,"featured_media":0,"parent":0,"menu_order":0,"comment_status":"closed","ping_status":"closed","template":"","meta":{"site-sidebar-layout":"no-sidebar","site-content-layout":"","ast-site-content-layout":"full-width-container","site-content-style":"default","site-sidebar-style":"default","ast-global-header-display":"","ast-banner-title-visibility":"","ast-main-header-display":"","ast-hfb-above-header-display":"","ast-hfb-below-header-display":"","ast-hfb-mobile-header-display":"","site-post-title":"disabled","ast-breadcrumbs-content":"","ast-featured-img":"disabled","footer-sml-layout":"","theme-transparent-header-meta":"","adv-header-id-meta":"","stick-header-meta":"","header-above-stick-meta":"","header-main-stick-meta":"","header-below-stick-meta":"","astra-migrate-meta-layouts":"","ast-page-background-enabled":"default","ast-page-background-meta":{"desktop":{"background-color":"var(--ast-global-color-4)","background-image":"","background-repeat":"repeat","background-position":"center center","background-size":"auto","background-attachment":"scroll","background-type":"","background-media":"","overlay-type":"","overlay-color":"","overlay-gradient":""},"tablet":{"background-color":"","background-image":"","background-repeat":"repeat","background-position":"center center","background-size":"auto","background-attachment":"scroll","background-type":"","background-media":"","overlay-type":"","overlay-color":"","overlay-gradient":""},"mobile":{"background-color":"","background-image":"","background-repeat":"repeat","background-position":"center center","background-size":"auto","background-attachment":"scroll","background-type":"","background-media":"","overlay-type":"","overlay-color":"","overlay-gradient":""}},"ast-content-background-meta":{"desktop":{"background-color":"var(--ast-global-color-5)","background-image":"","background-repeat":"repeat","background-position":"center center","background-size":"auto","background-attachment":"scroll","background-type":"","background-media":"","overlay-type":"","overlay-color":"","overlay-gradient":""},"tablet":{"background-color":"var(--ast-global-color-5)","background-image":"","background-repeat":"repeat","background-position":"center center","background-size":"auto","background-attachment":"scroll","background-type":"","background-media":"","overlay-type":"","overlay-color":"","overlay-gradient":""},"mobile":{"background-color":"var(--ast-global-color-5)","background-image":"","background-repeat":"repeat","background-position":"center center","background-size":"auto","background-attachment":"scroll","background-type":"","background-media":"","overlay-type":"","overlay-color":"","overlay-gradient":""}},"footnotes":""},"class_list":["post-1212","page","type-page","status-publish","hentry"],"yoast_head":"<!-- This site is optimized with the Yoast SEO plugin v23.5 - https:\/\/yoast.com\/wordpress\/plugins\/seo\/ -->\n<title>DONAR - Amancedomex<\/title>\n<meta name=\"robots\" content=\"index, follow, max-snippet:-1, max-image-preview:large, max-video-preview:-1\" \/>\n<link rel=\"canonical\" href=\"https:\/\/www.amancedomex.org\/?page_id=1212\" \/>\n<meta property=\"og:locale\" content=\"es_MX\" \/>\n<meta property=\"og:type\" content=\"article\" \/>\n<meta property=\"og:title\" content=\"DONAR - Amancedomex\" \/>\n<meta property=\"og:description\" content=\"DONACIONES ECON\u00d3MICAS DATOS BANCARIOS BBVA BANCOMER, S.A. INSTITUCI\u00d3N DE BANCA M\u00daLTIPLE, GRUPO FINANCIERO BBVA BANCOMER ASOCIACI\u00d3N MEXICANA DE AYUDA A NI\u00d1OS CON C\u00c1NCER DEL ESTADO DE M\u00c9XICO, AMANC, IAP No. DE CUENTA: 0163582280 CLABE INTERBANCARIA: 012420001635822806 PAYPAY DONACIONES EN ESPECIE CONOCE NUESTRA LISTA DE NECESIDADES\u00a0 DONAR SUPLEMENTOS DONAR\" \/>\n<meta property=\"og:url\" content=\"https:\/\/www.amancedomex.org\/?page_id=1212\" \/>\n<meta property=\"og:site_name\" content=\"Amancedomex\" \/>\n<meta property=\"article:modified_time\" content=\"2023-11-07T18:06:19+00:00\" \/>\n<meta property=\"og:image\" content=\"http:\/\/52.86.106.62\/wp-content\/uploads\/2023\/11\/DONAR3.png\" \/>\n<meta name=\"twitter:card\" content=\"summary_large_image\" \/>\n<script type=\"application\/ld+json\" class=\"yoast-schema-graph\">{\"@context\":\"https:\/\/schema.org\",\"@graph\":[{\"@type\":\"WebPage\",\"@id\":\"https:\/\/www.amancedomex.org\/?page_id=1212\",\"url\":\"https:\/\/www.amancedomex.org\/?page_id=1212\",\"name\":\"DONAR - Amancedomex\",\"isPartOf\":{\"@id\":\"https:\/\/www.amancedomex.org\/#website\"},\"primaryImageOfPage\":{\"@id\":\"https:\/\/www.amancedomex.org\/?page_id=1212#primaryimage\"},\"image\":{\"@id\":\"https:\/\/www.amancedomex.org\/?page_id=1212#primaryimage\"},\"thumbnailUrl\":\"http:\/\/52.86.106.62\/wp-content\/uploads\/2023\/11\/DONAR3.png\",\"datePublished\":\"2023-10-25T22:32:02+00:00\",\"dateModified\":\"2023-11-07T18:06:19+00:00\",\"breadcrumb\":{\"@id\":\"https:\/\/www.amancedomex.org\/?page_id=1212#breadcrumb\"},\"inLanguage\":\"es\",\"potentialAction\":[{\"@type\":\"ReadAction\",\"target\":[\"https:\/\/www.amancedomex.org\/?page_id=1212\"]}]},{\"@type\":\"ImageObject\",\"inLanguage\":\"es\",\"@id\":\"https:\/\/www.amancedomex.org\/?page_id=1212#primaryimage\",\"url\":\"http:\/\/52.86.106.62\/wp-content\/uploads\/2023\/11\/DONAR3.png\",\"contentUrl\":\"http:\/\/52.86.106.62\/wp-content\/uploads\/2023\/11\/DONAR3.png\"},{\"@type\":\"BreadcrumbList\",\"@id\":\"https:\/\/www.amancedomex.org\/?page_id=1212#breadcrumb\",\"itemListElement\":[{\"@type\":\"ListItem\",\"position\":1,\"name\":\"Inicio\",\"item\":\"https:\/\/www.amancedomex.org\/\"},{\"@type\":\"ListItem\",\"position\":2,\"name\":\"DONAR\"}]},{\"@type\":\"WebSite\",\"@id\":\"https:\/\/www.amancedomex.org\/#website\",\"url\":\"https:\/\/www.amancedomex.org\/\",\"name\":\"Amancedomex\",\"description\":\"\",\"potentialAction\":[{\"@type\":\"SearchAction\",\"target\":{\"@type\":\"EntryPoint\",\"urlTemplate\":\"https:\/\/www.amancedomex.org\/?s={search_term_string}\"},\"query-input\":{\"@type\":\"PropertyValueSpecification\",\"valueRequired\":true,\"valueName\":\"search_term_string\"}}],\"inLanguage\":\"es\"}]}<\/script>\n<!-- \/ Yoast SEO plugin. -->","yoast_head_json":{"title":"DONAR - Amancedomex","robots":{"index":"index","follow":"follow","max-snippet":"max-snippet:-1","max-image-preview":"max-image-preview:large","max-video-preview":"max-video-preview:-1"},"canonical":"https:\/\/www.amancedomex.org\/?page_id=1212","og_locale":"es_MX","og_type":"article","og_title":"DONAR - Amancedomex","og_description":"DONACIONES ECON\u00d3MICAS DATOS BANCARIOS BBVA BANCOMER, S.A. INSTITUCI\u00d3N DE BANCA M\u00daLTIPLE, GRUPO FINANCIERO BBVA BANCOMER ASOCIACI\u00d3N MEXICANA DE AYUDA A NI\u00d1OS CON C\u00c1NCER DEL ESTADO DE M\u00c9XICO, AMANC, IAP No. DE CUENTA: 0163582280 CLABE INTERBANCARIA: 012420001635822806 PAYPAY DONACIONES EN ESPECIE CONOCE NUESTRA LISTA DE NECESIDADES\u00a0 DONAR SUPLEMENTOS DONAR","og_url":"https:\/\/www.amancedomex.org\/?page_id=1212","og_site_name":"Amancedomex","article_modified_time":"2023-11-07T18:06:19+00:00","og_image":[{"url":"http:\/\/52.86.106.62\/wp-content\/uploads\/2023\/11\/DONAR3.png"}],"twitter_card":"summary_large_image","schema":{"@context":"https:\/\/schema.org","@graph":[{"@type":"WebPage","@id":"https:\/\/www.amancedomex.org\/?page_id=1212","url":"https:\/\/www.amancedomex.org\/?page_id=1212","name":"DONAR - Amancedomex","isPartOf":{"@id":"https:\/\/www.amancedomex.org\/#website"},"primaryImageOfPage":{"@id":"https:\/\/www.amancedomex.org\/?page_id=1212#primaryimage"},"image":{"@id":"https:\/\/www.amancedomex.org\/?page_id=1212#primaryimage"},"thumbnailUrl":"http:\/\/52.86.106.62\/wp-content\/uploads\/2023\/11\/DONAR3.png","datePublished":"2023-10-25T22:32:02+00:00","dateModified":"2023-11-07T18:06:19+00:00","breadcrumb":{"@id":"https:\/\/www.amancedomex.org\/?page_id=1212#breadcrumb"},"inLanguage":"es","potentialAction":[{"@type":"ReadAction","target":["https:\/\/www.amancedomex.org\/?page_id=1212"]}]},{"@type":"ImageObject","inLanguage":"es","@id":"https:\/\/www.amancedomex.org\/?page_id=1212#primaryimage","url":"http:\/\/52.86.106.62\/wp-content\/uploads\/2023\/11\/DONAR3.png","contentUrl":"http:\/\/52.86.106.62\/wp-content\/uploads\/2023\/11\/DONAR3.png"},{"@type":"BreadcrumbList","@id":"https:\/\/www.amancedomex.org\/?page_id=1212#breadcrumb","itemListElement":[{"@type":"ListItem","position":1,"name":"Inicio","item":"https:\/\/www.amancedomex.org\/"},{"@type":"ListItem","position":2,"name":"DONAR"}]},{"@type":"WebSite","@id":"https:\/\/www.amancedomex.org\/#website","url":"https:\/\/www.amancedomex.org\/","name":"Amancedomex","description":"","potentialAction":[{"@type":"SearchAction","target":{"@type":"EntryPoint","urlTemplate":"https:\/\/www.amancedomex.org\/?s={search_term_string}"},"query-input":{"@type":"PropertyValueSpecification","valueRequired":true,"valueName":"search_term_string"}}],"inLanguage":"es"}]}},"_links":{"self":[{"href":"https:\/\/www.amancedomex.org\/index.php?rest_route=\/wp\/v2\/pages\/1212","targetHints":{"allow":["GET"]}}],"collection":[{"href":"https:\/\/www.amancedomex.org\/index.php?rest_route=\/wp\/v2\/pages"}],"about":[{"href":"https:\/\/www.amancedomex.org\/index.php?rest_route=\/wp\/v2\/types\/page"}],"author":[{"embeddable":true,"href":"https:\/\/www.amancedomex.org\/index.php?rest_route=\/wp\/v2\/users\/2"}],"replies":[{"embeddable":true,"href":"https:\/\/www.amancedomex.org\/index.php?rest_route=%2Fwp%2Fv2%2Fcomments&post=1212"}],"version-history":[{"count":97,"href":"https:\/\/www.amancedomex.org\/index.php?rest_route=\/wp\/v2\/pages\/1212\/revisions"}],"predecessor-version":[{"id":2976,"href":"https:\/\/www.amancedomex.org\/index.php?rest_route=\/wp\/v2\/pages\/1212\/revisions\/2976"}],"wp:attachment":[{"href":"https:\/\/www.amancedomex.org\/index.php?rest_route=%2Fwp%2Fv2%2Fmedia&parent=1212"}],"curies":[{"name":"wp","href":"https:\/\/api.w.org\/{rel}","templated":true}]}}