{"id":331,"date":"2023-10-24T03:41:39","date_gmt":"2023-10-24T03:41:39","guid":{"rendered":"http:\/\/52.86.106.62\/?page_id=331"},"modified":"2023-11-14T17:28:06","modified_gmt":"2023-11-14T17:28:06","slug":"contacto","status":"publish","type":"page","link":"https:\/\/www.amancedomex.org\/?page_id=331","title":{"rendered":"CONTACTO"},"content":{"rendered":"\t\t<div data-elementor-type=\"wp-page\" data-elementor-id=\"331\" class=\"elementor elementor-331\">\n\t\t\t\t\t\t\t<div class=\"elementor-element elementor-element-28d67b41 e-con-full e-flex e-con e-parent\" data-id=\"28d67b41\" data-element_type=\"container\" data-settings=\"{&quot;content_width&quot;:&quot;full&quot;,&quot;background_background&quot;:&quot;classic&quot;}\" data-core-v316-plus=\"true\">\n\t\t\t\t<div class=\"elementor-element elementor-element-409867b elementor-widget elementor-widget-image\" data-id=\"409867b\" data-element_type=\"widget\" data-widget_type=\"image.default\">\n\t\t\t\t<div class=\"elementor-widget-container\">\n\t\t\t<style>\/*! elementor - v3.16.0 - 17-10-2023 *\/\n.elementor-widget-image{text-align:center}.elementor-widget-image a{display:inline-block}.elementor-widget-image a img[src$=\".svg\"]{width:48px}.elementor-widget-image img{vertical-align:middle;display:inline-block}<\/style>\t\t\t\t\t\t\t\t\t\t\t\t<img loading=\"lazy\" decoding=\"async\" width=\"700\" height=\"350\" src=\"https:\/\/www.amancedomex.org\/wp-content\/uploads\/2023\/11\/CONTACTO.png\" class=\"attachment-large size-large wp-image-2811\" alt=\"\" srcset=\"https:\/\/www.amancedomex.org\/wp-content\/uploads\/2023\/11\/CONTACTO.png 700w, https:\/\/www.amancedomex.org\/wp-content\/uploads\/2023\/11\/CONTACTO-300x150.png 300w\" sizes=\"auto, (max-width: 700px) 100vw, 700px\" \/>\t\t\t\t\t\t\t\t\t\t\t\t\t\t\t<\/div>\n\t\t\t\t<\/div>\n\t\t<div class=\"elementor-element elementor-element-1f105f84 e-con-full e-flex e-con e-child\" data-id=\"1f105f84\" data-element_type=\"container\" data-settings=\"{&quot;content_width&quot;:&quot;full&quot;}\">\n\t\t\t\t<div class=\"elementor-element elementor-element-566abbaf animated-slow elementor-invisible elementor-widget elementor-widget-image\" data-id=\"566abbaf\" data-element_type=\"widget\" data-settings=\"{&quot;_animation&quot;:&quot;fadeInLeft&quot;}\" data-widget_type=\"image.default\">\n\t\t\t\t<div class=\"elementor-widget-container\">\n\t\t\t\t\t\t\t\t\t\t\t\t\t\t\t<img decoding=\"async\" src=\"http:\/\/52.86.106.62\/wp-content\/uploads\/2023\/11\/PARA.png\" title=\"\" alt=\"\" loading=\"lazy\" \/>\t\t\t\t\t\t\t\t\t\t\t\t\t\t\t<\/div>\n\t\t\t\t<\/div>\n\t\t\t\t<\/div>\n\t\t<div class=\"elementor-element elementor-element-233c71a9 e-con-full e-flex e-con e-child\" data-id=\"233c71a9\" data-element_type=\"container\" data-settings=\"{&quot;content_width&quot;:&quot;full&quot;}\">\n\t\t\t\t<\/div>\n\t\t\t\t<\/div>\n\t\t<div class=\"elementor-element elementor-element-55193f9d e-flex e-con-boxed e-con e-parent\" data-id=\"55193f9d\" data-element_type=\"container\" data-settings=\"{&quot;content_width&quot;:&quot;boxed&quot;}\" data-core-v316-plus=\"true\">\n\t\t\t\t\t<div class=\"e-con-inner\">\n\t\t\t\t<div class=\"elementor-element elementor-element-9adbf27 elementor-widget elementor-widget-image\" data-id=\"9adbf27\" data-element_type=\"widget\" data-widget_type=\"image.default\">\n\t\t\t\t<div class=\"elementor-widget-container\">\n\t\t\t\t\t\t\t\t\t\t\t\t\t\t\t<img loading=\"lazy\" decoding=\"async\" width=\"300\" height=\"300\" src=\"https:\/\/www.amancedomex.org\/wp-content\/uploads\/2023\/11\/UBICACION2-300x300.png\" class=\"attachment-medium size-medium wp-image-2574\" alt=\"\" srcset=\"https:\/\/www.amancedomex.org\/wp-content\/uploads\/2023\/11\/UBICACION2-300x300.png 300w, https:\/\/www.amancedomex.org\/wp-content\/uploads\/2023\/11\/UBICACION2-150x150.png 150w, https:\/\/www.amancedomex.org\/wp-content\/uploads\/2023\/11\/UBICACION2.png 500w\" sizes=\"auto, (max-width: 300px) 100vw, 300px\" \/>\t\t\t\t\t\t\t\t\t\t\t\t\t\t\t<\/div>\n\t\t\t\t<\/div>\n\t\t\t\t\t<\/div>\n\t\t\t\t<\/div>\n\t\t<div class=\"elementor-element elementor-element-5ea2baa e-flex e-con-boxed e-con e-parent\" data-id=\"5ea2baa\" data-element_type=\"container\" data-settings=\"{&quot;background_background&quot;:&quot;classic&quot;,&quot;content_width&quot;:&quot;boxed&quot;}\" data-core-v316-plus=\"true\">\n\t\t\t\t\t<div class=\"e-con-inner\">\n\t\t<div class=\"elementor-element elementor-element-34ee6f4 e-con-full e-flex e-con e-child\" data-id=\"34ee6f4\" data-element_type=\"container\" data-settings=\"{&quot;content_width&quot;:&quot;full&quot;}\">\n\t\t\t\t<div class=\"elementor-element elementor-element-4d1a17e elementor-widget elementor-widget-google_maps\" data-id=\"4d1a17e\" data-element_type=\"widget\" data-widget_type=\"google_maps.default\">\n\t\t\t\t<div class=\"elementor-widget-container\">\n\t\t\t<style>\/*! elementor - v3.16.0 - 17-10-2023 *\/\n.elementor-widget-google_maps .elementor-widget-container{overflow:hidden}.elementor-widget-google_maps .elementor-custom-embed{line-height:0}.elementor-widget-google_maps iframe{height:300px}<\/style>\t\t<div class=\"elementor-custom-embed\">\n\t\t\t<iframe loading=\"lazy\"\n\t\t\t\t\tsrc=\"https:\/\/maps.google.com\/maps?q=Horacio%20Z%C3%BA%C3%B1iga%20%23107%20Col.%20Cipr%C3%A9s%2C%20Toluca%2C%20Estado%20de%20M%C3%A9xico.&#038;t=m&#038;z=16&#038;output=embed&#038;iwloc=near\"\n\t\t\t\t\ttitle=\"Horacio Z\u00fa\u00f1iga #107 Col. Cipr\u00e9s, Toluca, Estado de M\u00e9xico.\"\n\t\t\t\t\taria-label=\"Horacio Z\u00fa\u00f1iga #107 Col. Cipr\u00e9s, Toluca, Estado de M\u00e9xico.\"\n\t\t\t><\/iframe>\n\t\t<\/div>\n\t\t\t\t<\/div>\n\t\t\t\t<\/div>\n\t\t\t\t<\/div>\n\t\t<div class=\"elementor-element elementor-element-185e07c e-con-full e-flex e-con e-child\" data-id=\"185e07c\" data-element_type=\"container\" data-settings=\"{&quot;content_width&quot;:&quot;full&quot;,&quot;background_background&quot;:&quot;classic&quot;}\">\n\t\t\t\t<div class=\"elementor-element elementor-element-ee5ae18 elementor-widget elementor-widget-spacer\" data-id=\"ee5ae18\" data-element_type=\"widget\" data-widget_type=\"spacer.default\">\n\t\t\t\t<div class=\"elementor-widget-container\">\n\t\t\t<style>\/*! elementor - v3.16.0 - 17-10-2023 *\/\n.elementor-column .elementor-spacer-inner{height:var(--spacer-size)}.e-con{--container-widget-width:100%}.e-con-inner>.elementor-widget-spacer,.e-con>.elementor-widget-spacer{width:var(--container-widget-width,var(--spacer-size));--align-self:var(--container-widget-align-self,initial);--flex-shrink:0}.e-con-inner>.elementor-widget-spacer>.elementor-widget-container,.e-con>.elementor-widget-spacer>.elementor-widget-container{height:100%;width:100%}.e-con-inner>.elementor-widget-spacer>.elementor-widget-container>.elementor-spacer,.e-con>.elementor-widget-spacer>.elementor-widget-container>.elementor-spacer{height:100%}.e-con-inner>.elementor-widget-spacer>.elementor-widget-container>.elementor-spacer>.elementor-spacer-inner,.e-con>.elementor-widget-spacer>.elementor-widget-container>.elementor-spacer>.elementor-spacer-inner{height:var(--container-widget-height,var(--spacer-size))}.e-con-inner>.elementor-widget-spacer.elementor-widget-empty,.e-con>.elementor-widget-spacer.elementor-widget-empty{position:relative;min-height:22px;min-width:22px}.e-con-inner>.elementor-widget-spacer.elementor-widget-empty .elementor-widget-empty-icon,.e-con>.elementor-widget-spacer.elementor-widget-empty .elementor-widget-empty-icon{position:absolute;top:0;bottom:0;left:0;right:0;margin:auto;padding:0;width:22px;height:22px}<\/style>\t\t<div class=\"elementor-spacer\">\n\t\t\t<div class=\"elementor-spacer-inner\"><\/div>\n\t\t<\/div>\n\t\t\t\t<\/div>\n\t\t\t\t<\/div>\n\t\t\t\t<div class=\"elementor-element elementor-element-5d1be6f elementor-widget elementor-widget-heading\" data-id=\"5d1be6f\" data-element_type=\"widget\" data-widget_type=\"heading.default\">\n\t\t\t\t<div class=\"elementor-widget-container\">\n\t\t\t<style>\/*! elementor - v3.16.0 - 17-10-2023 *\/\n.elementor-heading-title{padding:0;margin:0;line-height:1}.elementor-widget-heading .elementor-heading-title[class*=elementor-size-]>a{color:inherit;font-size:inherit;line-height:inherit}.elementor-widget-heading .elementor-heading-title.elementor-size-small{font-size:15px}.elementor-widget-heading .elementor-heading-title.elementor-size-medium{font-size:19px}.elementor-widget-heading .elementor-heading-title.elementor-size-large{font-size:29px}.elementor-widget-heading .elementor-heading-title.elementor-size-xl{font-size:39px}.elementor-widget-heading .elementor-heading-title.elementor-size-xxl{font-size:59px}<\/style><h2 class=\"elementor-heading-title elementor-size-default\">NUESTRA OFICINAS<\/h2>\t\t<\/div>\n\t\t\t\t<\/div>\n\t\t\t\t<div class=\"elementor-element elementor-element-76e963c elementor-widget elementor-widget-spacer\" data-id=\"76e963c\" data-element_type=\"widget\" data-widget_type=\"spacer.default\">\n\t\t\t\t<div class=\"elementor-widget-container\">\n\t\t\t\t\t<div class=\"elementor-spacer\">\n\t\t\t<div class=\"elementor-spacer-inner\"><\/div>\n\t\t<\/div>\n\t\t\t\t<\/div>\n\t\t\t\t<\/div>\n\t\t\t\t<div class=\"elementor-element elementor-element-400673d elementor-widget elementor-widget-heading\" data-id=\"400673d\" data-element_type=\"widget\" data-widget_type=\"heading.default\">\n\t\t\t\t<div class=\"elementor-widget-container\">\n\t\t\t<h2 class=\"elementor-heading-title elementor-size-default\">DIRECCI\u00d3N:<\/h2>\t\t<\/div>\n\t\t\t\t<\/div>\n\t\t\t\t<div class=\"elementor-element elementor-element-a63992a elementor-widget elementor-widget-text-editor\" data-id=\"a63992a\" data-element_type=\"widget\" data-widget_type=\"text-editor.default\">\n\t\t\t\t<div class=\"elementor-widget-container\">\n\t\t\t<style>\/*! elementor - v3.16.0 - 17-10-2023 *\/\n.elementor-widget-text-editor.elementor-drop-cap-view-stacked .elementor-drop-cap{background-color:#69727d;color:#fff}.elementor-widget-text-editor.elementor-drop-cap-view-framed .elementor-drop-cap{color:#69727d;border:3px solid;background-color:transparent}.elementor-widget-text-editor:not(.elementor-drop-cap-view-default) .elementor-drop-cap{margin-top:8px}.elementor-widget-text-editor:not(.elementor-drop-cap-view-default) .elementor-drop-cap-letter{width:1em;height:1em}.elementor-widget-text-editor .elementor-drop-cap{float:left;text-align:center;line-height:1;font-size:50px}.elementor-widget-text-editor .elementor-drop-cap-letter{display:inline-block}<\/style>\t\t\t\t<p>Horacio Z\u00fa\u00f1iga #107 Col. Cipr\u00e9s, Toluca, Estado de M\u00e9xico.<\/p>\t\t\t\t\t\t<\/div>\n\t\t\t\t<\/div>\n\t\t\t\t<div class=\"elementor-element elementor-element-a63e2a2 elementor-widget elementor-widget-heading\" data-id=\"a63e2a2\" data-element_type=\"widget\" data-widget_type=\"heading.default\">\n\t\t\t\t<div class=\"elementor-widget-container\">\n\t\t\t<h2 class=\"elementor-heading-title elementor-size-default\">TEL\u00c9FONO:<\/h2>\t\t<\/div>\n\t\t\t\t<\/div>\n\t\t\t\t<div class=\"elementor-element elementor-element-2783ce4 elementor-widget elementor-widget-text-editor\" data-id=\"2783ce4\" data-element_type=\"widget\" data-widget_type=\"text-editor.default\">\n\t\t\t\t<div class=\"elementor-widget-container\">\n\t\t\t\t\t\t\t<p>722 280 9595<\/p>\t\t\t\t\t\t<\/div>\n\t\t\t\t<\/div>\n\t\t\t\t<div class=\"elementor-element elementor-element-3a95024 elementor-widget elementor-widget-heading\" data-id=\"3a95024\" data-element_type=\"widget\" data-widget_type=\"heading.default\">\n\t\t\t\t<div class=\"elementor-widget-container\">\n\t\t\t<h2 class=\"elementor-heading-title elementor-size-default\">CORREO:<\/h2>\t\t<\/div>\n\t\t\t\t<\/div>\n\t\t\t\t<div class=\"elementor-element elementor-element-c5a7f25 elementor-widget elementor-widget-text-editor\" data-id=\"c5a7f25\" data-element_type=\"widget\" data-widget_type=\"text-editor.default\">\n\t\t\t\t<div class=\"elementor-widget-container\">\n\t\t\t\t\t\t\t<p>contacto@amancedomex.org<\/p>\t\t\t\t\t\t<\/div>\n\t\t\t\t<\/div>\n\t\t\t\t<\/div>\n\t\t\t\t\t<\/div>\n\t\t\t\t<\/div>\n\t\t<div class=\"elementor-element elementor-element-63acf1c8 e-flex e-con-boxed e-con e-parent\" data-id=\"63acf1c8\" data-element_type=\"container\" data-settings=\"{&quot;content_width&quot;:&quot;boxed&quot;}\" data-core-v316-plus=\"true\">\n\t\t\t\t\t<div class=\"e-con-inner\">\n\t\t\t\t\t<\/div>\n\t\t\t\t<\/div>\n\t\t\t\t\t\t\t<\/div>\n\t\t","protected":false},"excerpt":{"rendered":"<p>NUESTRA OFICINAS DIRECCI\u00d3N: Horacio Z\u00fa\u00f1iga #107 Col. Cipr\u00e9s, Toluca, Estado de M\u00e9xico. TEL\u00c9FONO: 722 280 9595 CORREO: contacto@amancedomex.org<\/p>\n","protected":false},"author":2,"featured_media":0,"parent":0,"menu_order":0,"comment_status":"closed","ping_status":"closed","template":"","meta":{"site-sidebar-layout":"no-sidebar","site-content-layout":"","ast-site-content-layout":"full-width-container","site-content-style":"default","site-sidebar-style":"default","ast-global-header-display":"","ast-banner-title-visibility":"","ast-main-header-display":"","ast-hfb-above-header-display":"","ast-hfb-below-header-display":"","ast-hfb-mobile-header-display":"","site-post-title":"disabled","ast-breadcrumbs-content":"","ast-featured-img":"disabled","footer-sml-layout":"","theme-transparent-header-meta":"","adv-header-id-meta":"","stick-header-meta":"","header-above-stick-meta":"","header-main-stick-meta":"","header-below-stick-meta":"","astra-migrate-meta-layouts":"","ast-page-background-enabled":"default","ast-page-background-meta":{"desktop":{"background-color":"var(--ast-global-color-4)","background-image":"","background-repeat":"repeat","background-position":"center center","background-size":"auto","background-attachment":"scroll","background-type":"","background-media":"","overlay-type":"","overlay-color":"","overlay-gradient":""},"tablet":{"background-color":"","background-image":"","background-repeat":"repeat","background-position":"center center","background-size":"auto","background-attachment":"scroll","background-type":"","background-media":"","overlay-type":"","overlay-color":"","overlay-gradient":""},"mobile":{"background-color":"","background-image":"","background-repeat":"repeat","background-position":"center center","background-size":"auto","background-attachment":"scroll","background-type":"","background-media":"","overlay-type":"","overlay-color":"","overlay-gradient":""}},"ast-content-background-meta":{"desktop":{"background-color":"var(--ast-global-color-5)","background-image":"","background-repeat":"repeat","background-position":"center center","background-size":"auto","background-attachment":"scroll","background-type":"","background-media":"","overlay-type":"","overlay-color":"","overlay-gradient":""},"tablet":{"background-color":"var(--ast-global-color-5)","background-image":"","background-repeat":"repeat","background-position":"center center","background-size":"auto","background-attachment":"scroll","background-type":"","background-media":"","overlay-type":"","overlay-color":"","overlay-gradient":""},"mobile":{"background-color":"var(--ast-global-color-5)","background-image":"","background-repeat":"repeat","background-position":"center center","background-size":"auto","background-attachment":"scroll","background-type":"","background-media":"","overlay-type":"","overlay-color":"","overlay-gradient":""}},"footnotes":""},"class_list":["post-331","page","type-page","status-publish","hentry"],"yoast_head":"<!-- This site is optimized with the Yoast SEO plugin v23.5 - https:\/\/yoast.com\/wordpress\/plugins\/seo\/ -->\n<title>CONTACTO - Amancedomex<\/title>\n<meta name=\"robots\" content=\"index, follow, max-snippet:-1, max-image-preview:large, max-video-preview:-1\" \/>\n<link rel=\"canonical\" href=\"https:\/\/www.amancedomex.org\/?page_id=331\" \/>\n<meta property=\"og:locale\" content=\"es_MX\" \/>\n<meta property=\"og:type\" content=\"article\" \/>\n<meta property=\"og:title\" content=\"CONTACTO - Amancedomex\" \/>\n<meta property=\"og:description\" content=\"NUESTRA OFICINAS DIRECCI\u00d3N: Horacio Z\u00fa\u00f1iga #107 Col. Cipr\u00e9s, Toluca, Estado de M\u00e9xico. TEL\u00c9FONO: 722 280 9595 CORREO: contacto@amancedomex.org\" \/>\n<meta property=\"og:url\" content=\"https:\/\/www.amancedomex.org\/?page_id=331\" \/>\n<meta property=\"og:site_name\" content=\"Amancedomex\" \/>\n<meta property=\"article:modified_time\" content=\"2023-11-14T17:28:06+00:00\" \/>\n<meta property=\"og:image\" content=\"http:\/\/52.86.106.62\/wp-content\/uploads\/2023\/11\/CONTACTO.png\" \/>\n<meta name=\"twitter:card\" content=\"summary_large_image\" \/>\n<script type=\"application\/ld+json\" class=\"yoast-schema-graph\">{\"@context\":\"https:\/\/schema.org\",\"@graph\":[{\"@type\":\"WebPage\",\"@id\":\"https:\/\/www.amancedomex.org\/?page_id=331\",\"url\":\"https:\/\/www.amancedomex.org\/?page_id=331\",\"name\":\"CONTACTO - Amancedomex\",\"isPartOf\":{\"@id\":\"https:\/\/www.amancedomex.org\/#website\"},\"primaryImageOfPage\":{\"@id\":\"https:\/\/www.amancedomex.org\/?page_id=331#primaryimage\"},\"image\":{\"@id\":\"https:\/\/www.amancedomex.org\/?page_id=331#primaryimage\"},\"thumbnailUrl\":\"http:\/\/52.86.106.62\/wp-content\/uploads\/2023\/11\/CONTACTO.png\",\"datePublished\":\"2023-10-24T03:41:39+00:00\",\"dateModified\":\"2023-11-14T17:28:06+00:00\",\"breadcrumb\":{\"@id\":\"https:\/\/www.amancedomex.org\/?page_id=331#breadcrumb\"},\"inLanguage\":\"es\",\"potentialAction\":[{\"@type\":\"ReadAction\",\"target\":[\"https:\/\/www.amancedomex.org\/?page_id=331\"]}]},{\"@type\":\"ImageObject\",\"inLanguage\":\"es\",\"@id\":\"https:\/\/www.amancedomex.org\/?page_id=331#primaryimage\",\"url\":\"http:\/\/52.86.106.62\/wp-content\/uploads\/2023\/11\/CONTACTO.png\",\"contentUrl\":\"http:\/\/52.86.106.62\/wp-content\/uploads\/2023\/11\/CONTACTO.png\"},{\"@type\":\"BreadcrumbList\",\"@id\":\"https:\/\/www.amancedomex.org\/?page_id=331#breadcrumb\",\"itemListElement\":[{\"@type\":\"ListItem\",\"position\":1,\"name\":\"Inicio\",\"item\":\"https:\/\/www.amancedomex.org\/\"},{\"@type\":\"ListItem\",\"position\":2,\"name\":\"CONTACTO\"}]},{\"@type\":\"WebSite\",\"@id\":\"https:\/\/www.amancedomex.org\/#website\",\"url\":\"https:\/\/www.amancedomex.org\/\",\"name\":\"Amancedomex\",\"description\":\"\",\"potentialAction\":[{\"@type\":\"SearchAction\",\"target\":{\"@type\":\"EntryPoint\",\"urlTemplate\":\"https:\/\/www.amancedomex.org\/?s={search_term_string}\"},\"query-input\":{\"@type\":\"PropertyValueSpecification\",\"valueRequired\":true,\"valueName\":\"search_term_string\"}}],\"inLanguage\":\"es\"}]}<\/script>\n<!-- \/ Yoast SEO plugin. -->","yoast_head_json":{"title":"CONTACTO - Amancedomex","robots":{"index":"index","follow":"follow","max-snippet":"max-snippet:-1","max-image-preview":"max-image-preview:large","max-video-preview":"max-video-preview:-1"},"canonical":"https:\/\/www.amancedomex.org\/?page_id=331","og_locale":"es_MX","og_type":"article","og_title":"CONTACTO - Amancedomex","og_description":"NUESTRA OFICINAS DIRECCI\u00d3N: Horacio Z\u00fa\u00f1iga #107 Col. Cipr\u00e9s, Toluca, Estado de M\u00e9xico. TEL\u00c9FONO: 722 280 9595 CORREO: contacto@amancedomex.org","og_url":"https:\/\/www.amancedomex.org\/?page_id=331","og_site_name":"Amancedomex","article_modified_time":"2023-11-14T17:28:06+00:00","og_image":[{"url":"http:\/\/52.86.106.62\/wp-content\/uploads\/2023\/11\/CONTACTO.png"}],"twitter_card":"summary_large_image","schema":{"@context":"https:\/\/schema.org","@graph":[{"@type":"WebPage","@id":"https:\/\/www.amancedomex.org\/?page_id=331","url":"https:\/\/www.amancedomex.org\/?page_id=331","name":"CONTACTO - Amancedomex","isPartOf":{"@id":"https:\/\/www.amancedomex.org\/#website"},"primaryImageOfPage":{"@id":"https:\/\/www.amancedomex.org\/?page_id=331#primaryimage"},"image":{"@id":"https:\/\/www.amancedomex.org\/?page_id=331#primaryimage"},"thumbnailUrl":"http:\/\/52.86.106.62\/wp-content\/uploads\/2023\/11\/CONTACTO.png","datePublished":"2023-10-24T03:41:39+00:00","dateModified":"2023-11-14T17:28:06+00:00","breadcrumb":{"@id":"https:\/\/www.amancedomex.org\/?page_id=331#breadcrumb"},"inLanguage":"es","potentialAction":[{"@type":"ReadAction","target":["https:\/\/www.amancedomex.org\/?page_id=331"]}]},{"@type":"ImageObject","inLanguage":"es","@id":"https:\/\/www.amancedomex.org\/?page_id=331#primaryimage","url":"http:\/\/52.86.106.62\/wp-content\/uploads\/2023\/11\/CONTACTO.png","contentUrl":"http:\/\/52.86.106.62\/wp-content\/uploads\/2023\/11\/CONTACTO.png"},{"@type":"BreadcrumbList","@id":"https:\/\/www.amancedomex.org\/?page_id=331#breadcrumb","itemListElement":[{"@type":"ListItem","position":1,"name":"Inicio","item":"https:\/\/www.amancedomex.org\/"},{"@type":"ListItem","position":2,"name":"CONTACTO"}]},{"@type":"WebSite","@id":"https:\/\/www.amancedomex.org\/#website","url":"https:\/\/www.amancedomex.org\/","name":"Amancedomex","description":"","potentialAction":[{"@type":"SearchAction","target":{"@type":"EntryPoint","urlTemplate":"https:\/\/www.amancedomex.org\/?s={search_term_string}"},"query-input":{"@type":"PropertyValueSpecification","valueRequired":true,"valueName":"search_term_string"}}],"inLanguage":"es"}]}},"_links":{"self":[{"href":"https:\/\/www.amancedomex.org\/index.php?rest_route=\/wp\/v2\/pages\/331","targetHints":{"allow":["GET"]}}],"collection":[{"href":"https:\/\/www.amancedomex.org\/index.php?rest_route=\/wp\/v2\/pages"}],"about":[{"href":"https:\/\/www.amancedomex.org\/index.php?rest_route=\/wp\/v2\/types\/page"}],"author":[{"embeddable":true,"href":"https:\/\/www.amancedomex.org\/index.php?rest_route=\/wp\/v2\/users\/2"}],"replies":[{"embeddable":true,"href":"https:\/\/www.amancedomex.org\/index.php?rest_route=%2Fwp%2Fv2%2Fcomments&post=331"}],"version-history":[{"count":181,"href":"https:\/\/www.amancedomex.org\/index.php?rest_route=\/wp\/v2\/pages\/331\/revisions"}],"predecessor-version":[{"id":3097,"href":"https:\/\/www.amancedomex.org\/index.php?rest_route=\/wp\/v2\/pages\/331\/revisions\/3097"}],"wp:attachment":[{"href":"https:\/\/www.amancedomex.org\/index.php?rest_route=%2Fwp%2Fv2%2Fmedia&parent=331"}],"curies":[{"name":"wp","href":"https:\/\/api.w.org\/{rel}","templated":true}]}}