{"id":338,"date":"2023-10-24T03:45:28","date_gmt":"2023-10-24T03:45:28","guid":{"rendered":"http:\/\/52.86.106.62\/?page_id=338"},"modified":"2023-11-14T17:18:59","modified_gmt":"2023-11-14T17:18:59","slug":"voluntariado","status":"publish","type":"page","link":"https:\/\/www.amancedomex.org\/?page_id=338","title":{"rendered":"Voluntariado"},"content":{"rendered":"\t\t<div data-elementor-type=\"wp-page\" data-elementor-id=\"338\" class=\"elementor elementor-338\">\n\t\t\t\t\t\t\t<div class=\"elementor-element elementor-element-36ae8f8d e-con-full e-flex e-con e-parent\" data-id=\"36ae8f8d\" data-element_type=\"container\" data-settings=\"{&quot;content_width&quot;:&quot;full&quot;,&quot;background_background&quot;:&quot;classic&quot;}\" data-core-v316-plus=\"true\">\n\t\t<div class=\"elementor-element elementor-element-438f5f41 e-con-full e-flex e-con e-child\" data-id=\"438f5f41\" data-element_type=\"container\" data-settings=\"{&quot;content_width&quot;:&quot;full&quot;}\">\n\t\t\t\t<div class=\"elementor-element elementor-element-68cddd4f animated-slow elementor-invisible elementor-widget elementor-widget-image\" data-id=\"68cddd4f\" data-element_type=\"widget\" data-settings=\"{&quot;_animation&quot;:&quot;fadeInLeft&quot;}\" data-widget_type=\"image.default\">\n\t\t\t\t<div class=\"elementor-widget-container\">\n\t\t\t<style>\/*! elementor - v3.16.0 - 17-10-2023 *\/\n.elementor-widget-image{text-align:center}.elementor-widget-image a{display:inline-block}.elementor-widget-image a img[src$=\".svg\"]{width:48px}.elementor-widget-image img{vertical-align:middle;display:inline-block}<\/style>\t\t\t\t\t\t\t\t\t\t\t\t<img loading=\"lazy\" decoding=\"async\" width=\"600\" height=\"250\" src=\"https:\/\/www.amancedomex.org\/wp-content\/uploads\/2023\/10\/voluntario1-1.png\" class=\"attachment-large size-large wp-image-2130\" alt=\"\" srcset=\"https:\/\/www.amancedomex.org\/wp-content\/uploads\/2023\/10\/voluntario1-1.png 600w, https:\/\/www.amancedomex.org\/wp-content\/uploads\/2023\/10\/voluntario1-1-300x125.png 300w\" sizes=\"auto, (max-width: 600px) 100vw, 600px\" \/>\t\t\t\t\t\t\t\t\t\t\t\t\t\t\t<\/div>\n\t\t\t\t<\/div>\n\t\t\t\t<\/div>\n\t\t<div class=\"elementor-element elementor-element-7ab1508a e-con-full e-flex e-con e-child\" data-id=\"7ab1508a\" data-element_type=\"container\" data-settings=\"{&quot;content_width&quot;:&quot;full&quot;}\">\n\t\t\t\t<\/div>\n\t\t\t\t<\/div>\n\t\t<div class=\"elementor-element elementor-element-2945afc e-flex e-con-boxed e-con e-parent\" data-id=\"2945afc\" data-element_type=\"container\" data-settings=\"{&quot;background_background&quot;:&quot;classic&quot;,&quot;content_width&quot;:&quot;boxed&quot;}\" data-core-v316-plus=\"true\">\n\t\t\t\t\t<div class=\"e-con-inner\">\n\t\t<div class=\"elementor-element elementor-element-d715a5e e-con-full e-flex e-con e-child\" data-id=\"d715a5e\" data-element_type=\"container\" data-settings=\"{&quot;content_width&quot;:&quot;full&quot;,&quot;background_background&quot;:&quot;classic&quot;}\">\n\t\t\t\t<div class=\"elementor-element elementor-element-06bf567 elementor-widget elementor-widget-image\" data-id=\"06bf567\" data-element_type=\"widget\" data-widget_type=\"image.default\">\n\t\t\t\t<div class=\"elementor-widget-container\">\n\t\t\t\t\t\t\t\t\t\t\t\t\t\t\t<img loading=\"lazy\" decoding=\"async\" width=\"616\" height=\"836\" src=\"https:\/\/www.amancedomex.org\/wp-content\/uploads\/2023\/11\/INSTA2.png\" class=\"attachment-large size-large wp-image-2711\" alt=\"\" srcset=\"https:\/\/www.amancedomex.org\/wp-content\/uploads\/2023\/11\/INSTA2.png 616w, https:\/\/www.amancedomex.org\/wp-content\/uploads\/2023\/11\/INSTA2-221x300.png 221w\" sizes=\"auto, (max-width: 616px) 100vw, 616px\" \/>\t\t\t\t\t\t\t\t\t\t\t\t\t\t\t<\/div>\n\t\t\t\t<\/div>\n\t\t\t\t<\/div>\n\t\t<div class=\"elementor-element elementor-element-9134191 e-con-full e-flex e-con e-child\" data-id=\"9134191\" data-element_type=\"container\" data-settings=\"{&quot;content_width&quot;:&quot;full&quot;}\">\n\t\t\t\t<div class=\"elementor-element elementor-element-79e52f2 elementor-widget elementor-widget-spacer\" data-id=\"79e52f2\" data-element_type=\"widget\" data-widget_type=\"spacer.default\">\n\t\t\t\t<div class=\"elementor-widget-container\">\n\t\t\t<style>\/*! elementor - v3.16.0 - 17-10-2023 *\/\n.elementor-column .elementor-spacer-inner{height:var(--spacer-size)}.e-con{--container-widget-width:100%}.e-con-inner>.elementor-widget-spacer,.e-con>.elementor-widget-spacer{width:var(--container-widget-width,var(--spacer-size));--align-self:var(--container-widget-align-self,initial);--flex-shrink:0}.e-con-inner>.elementor-widget-spacer>.elementor-widget-container,.e-con>.elementor-widget-spacer>.elementor-widget-container{height:100%;width:100%}.e-con-inner>.elementor-widget-spacer>.elementor-widget-container>.elementor-spacer,.e-con>.elementor-widget-spacer>.elementor-widget-container>.elementor-spacer{height:100%}.e-con-inner>.elementor-widget-spacer>.elementor-widget-container>.elementor-spacer>.elementor-spacer-inner,.e-con>.elementor-widget-spacer>.elementor-widget-container>.elementor-spacer>.elementor-spacer-inner{height:var(--container-widget-height,var(--spacer-size))}.e-con-inner>.elementor-widget-spacer.elementor-widget-empty,.e-con>.elementor-widget-spacer.elementor-widget-empty{position:relative;min-height:22px;min-width:22px}.e-con-inner>.elementor-widget-spacer.elementor-widget-empty .elementor-widget-empty-icon,.e-con>.elementor-widget-spacer.elementor-widget-empty .elementor-widget-empty-icon{position:absolute;top:0;bottom:0;left:0;right:0;margin:auto;padding:0;width:22px;height:22px}<\/style>\t\t<div class=\"elementor-spacer\">\n\t\t\t<div class=\"elementor-spacer-inner\"><\/div>\n\t\t<\/div>\n\t\t\t\t<\/div>\n\t\t\t\t<\/div>\n\t\t\t\t<div class=\"elementor-element elementor-element-676c80a elementor-widget elementor-widget-heading\" data-id=\"676c80a\" data-element_type=\"widget\" data-widget_type=\"heading.default\">\n\t\t\t\t<div class=\"elementor-widget-container\">\n\t\t\t<style>\/*! elementor - v3.16.0 - 17-10-2023 *\/\n.elementor-heading-title{padding:0;margin:0;line-height:1}.elementor-widget-heading .elementor-heading-title[class*=elementor-size-]>a{color:inherit;font-size:inherit;line-height:inherit}.elementor-widget-heading .elementor-heading-title.elementor-size-small{font-size:15px}.elementor-widget-heading .elementor-heading-title.elementor-size-medium{font-size:19px}.elementor-widget-heading .elementor-heading-title.elementor-size-large{font-size:29px}.elementor-widget-heading .elementor-heading-title.elementor-size-xl{font-size:39px}.elementor-widget-heading .elementor-heading-title.elementor-size-xxl{font-size:59px}<\/style><h2 class=\"elementor-heading-title elementor-size-default\">Programa de voluntariado<\/h2>\t\t<\/div>\n\t\t\t\t<\/div>\n\t\t\t\t<div class=\"elementor-element elementor-element-1a5b53d elementor-widget elementor-widget-text-editor\" data-id=\"1a5b53d\" data-element_type=\"widget\" data-widget_type=\"text-editor.default\">\n\t\t\t\t<div class=\"elementor-widget-container\">\n\t\t\t<style>\/*! elementor - v3.16.0 - 17-10-2023 *\/\n.elementor-widget-text-editor.elementor-drop-cap-view-stacked .elementor-drop-cap{background-color:#69727d;color:#fff}.elementor-widget-text-editor.elementor-drop-cap-view-framed .elementor-drop-cap{color:#69727d;border:3px solid;background-color:transparent}.elementor-widget-text-editor:not(.elementor-drop-cap-view-default) .elementor-drop-cap{margin-top:8px}.elementor-widget-text-editor:not(.elementor-drop-cap-view-default) .elementor-drop-cap-letter{width:1em;height:1em}.elementor-widget-text-editor .elementor-drop-cap{float:left;text-align:center;line-height:1;font-size:50px}.elementor-widget-text-editor .elementor-drop-cap-letter{display:inline-block}<\/style>\t\t\t\t<p>Colaborar tambi\u00e9n es brindarnos horas de tu tiempo. Al formar parte del voluntariado AMANC participas en actividades dentro y fuera del CENTRO AMANC.<\/p><p>Nuestros voluntarios son el coraz\u00f3n de AMANC Estado de M\u00e9xico, por eso ven y s\u00famate a alguno de nuestros programas:<\/p>\t\t\t\t\t\t<\/div>\n\t\t\t\t<\/div>\n\t\t\t\t<div class=\"elementor-element elementor-element-b344e13 elementor-widget elementor-widget-eael-adv-accordion\" data-id=\"b344e13\" data-element_type=\"widget\" data-widget_type=\"eael-adv-accordion.default\">\n\t\t\t\t<div class=\"elementor-widget-container\">\n\t\t\t        <div class=\"eael-adv-accordion\" id=\"eael-adv-accordion-b344e13\" data-scroll-on-click=\"no\" data-scroll-speed=\"300\" data-accordion-id=\"b344e13\" data-accordion-type=\"accordion\" data-toogle-speed=\"300\">\n    <div class=\"eael-accordion-list\">\n                <div id=\"centro\" class=\"elementor-tab-title eael-accordion-header\" tabindex=\"0\" data-tab=\"1\" aria-controls=\"elementor-tab-content-1871\"><span class=\"eael-advanced-accordion-icon-closed\"><i aria-hidden=\"true\" class=\"fa-accordion-icon fas fa-plus\"><\/i><\/span><span class=\"eael-advanced-accordion-icon-opened\"><i aria-hidden=\"true\" class=\"fa-accordion-icon fas fa-minus\"><\/i><\/span><span class=\"eael-accordion-tab-title\">CENTRO<\/span><\/div><div id=\"elementor-tab-content-1871\" class=\"eael-accordion-content clearfix\" data-tab=\"1\" aria-labelledby=\"centro\"><ul><li>Talleres<\/li><li>Manualidades<\/li><li>Circulo de lectura<\/li><li>Pl\u00e1ticas\u00a0<\/li><li>Recaudaci\u00f3n de fondos<\/li><li>Celebraciones<\/li><li>Conferencias presenciales\u00a0<\/li><\/ul><\/div>\n                <\/div><\/div>\t\t<\/div>\n\t\t\t\t<\/div>\n\t\t\t\t<div class=\"elementor-element elementor-element-715e48a elementor-widget elementor-widget-eael-adv-accordion\" data-id=\"715e48a\" data-element_type=\"widget\" data-widget_type=\"eael-adv-accordion.default\">\n\t\t\t\t<div class=\"elementor-widget-container\">\n\t\t\t        <div class=\"eael-adv-accordion\" id=\"eael-adv-accordion-715e48a\" data-scroll-on-click=\"no\" data-scroll-speed=\"300\" data-accordion-id=\"715e48a\" data-accordion-type=\"accordion\" data-toogle-speed=\"300\">\n    <div class=\"eael-accordion-list\">\n                <div id=\"hospital\" class=\"elementor-tab-title eael-accordion-header\" tabindex=\"0\" data-tab=\"1\" aria-controls=\"elementor-tab-content-1181\"><span class=\"eael-advanced-accordion-icon-closed\"><i aria-hidden=\"true\" class=\"fa-accordion-icon fas fa-plus\"><\/i><\/span><span class=\"eael-advanced-accordion-icon-opened\"><i aria-hidden=\"true\" class=\"fa-accordion-icon fas fa-minus\"><\/i><\/span><span class=\"eael-accordion-tab-title\">HOSPITAL<\/span><\/div><div id=\"elementor-tab-content-1181\" class=\"eael-accordion-content clearfix\" data-tab=\"1\" aria-labelledby=\"hospital\"><ul><li>Manualidades<\/li><li>Lectura<\/li><li>Juegos de mesa<\/li><li>Dibujos<\/li><li>Pel\u00edculas\u00a0<\/li><\/ul><\/div>\n                <\/div><\/div>\t\t<\/div>\n\t\t\t\t<\/div>\n\t\t\t\t<div class=\"elementor-element elementor-element-fd42d39 elementor-widget elementor-widget-eael-adv-accordion\" data-id=\"fd42d39\" data-element_type=\"widget\" data-widget_type=\"eael-adv-accordion.default\">\n\t\t\t\t<div class=\"elementor-widget-container\">\n\t\t\t        <div class=\"eael-adv-accordion\" id=\"eael-adv-accordion-fd42d39\" data-scroll-on-click=\"no\" data-scroll-speed=\"300\" data-accordion-id=\"fd42d39\" data-accordion-type=\"accordion\" data-toogle-speed=\"300\">\n    <div class=\"eael-accordion-list\">\n                <div id=\"eventos\" class=\"elementor-tab-title eael-accordion-header\" tabindex=\"0\" data-tab=\"1\" aria-controls=\"elementor-tab-content-2651\"><span class=\"eael-advanced-accordion-icon-closed\"><i aria-hidden=\"true\" class=\"fa-accordion-icon fas fa-plus\"><\/i><\/span><span class=\"eael-advanced-accordion-icon-opened\"><i aria-hidden=\"true\" class=\"fa-accordion-icon fas fa-minus\"><\/i><\/span><span class=\"eael-accordion-tab-title\">EVENTOS<\/span><\/div><div id=\"elementor-tab-content-2651\" class=\"eael-accordion-content clearfix\" data-tab=\"1\" aria-labelledby=\"eventos\"><ul><li>Recaudaci\u00f3n\u00a0<\/li><li>Platicas de sensibilizaci\u00f3n a escuelas y empresas<\/li><\/ul><\/div>\n                <\/div><\/div>\t\t<\/div>\n\t\t\t\t<\/div>\n\t\t\t\t<div class=\"elementor-element elementor-element-931f970 elementor-widget elementor-widget-eael-adv-accordion\" data-id=\"931f970\" data-element_type=\"widget\" data-widget_type=\"eael-adv-accordion.default\">\n\t\t\t\t<div class=\"elementor-widget-container\">\n\t\t\t        <div class=\"eael-adv-accordion\" id=\"eael-adv-accordion-931f970\" data-scroll-on-click=\"no\" data-scroll-speed=\"300\" data-accordion-id=\"931f970\" data-accordion-type=\"accordion\" data-toogle-speed=\"300\">\n    <div class=\"eael-accordion-list\">\n                <div id=\"digital\" class=\"elementor-tab-title eael-accordion-header\" tabindex=\"0\" data-tab=\"1\" aria-controls=\"elementor-tab-content-1541\"><span class=\"eael-advanced-accordion-icon-closed\"><i aria-hidden=\"true\" class=\"fa-accordion-icon fas fa-plus\"><\/i><\/span><span class=\"eael-advanced-accordion-icon-opened\"><i aria-hidden=\"true\" class=\"fa-accordion-icon fas fa-minus\"><\/i><\/span><span class=\"eael-accordion-tab-title\">DIGITAL<\/span><\/div><div id=\"elementor-tab-content-1541\" class=\"eael-accordion-content clearfix\" data-tab=\"1\" aria-labelledby=\"digital\"><ul><li>Videos recreativos<\/li><li>Manualidades\u00a0<\/li><li>Efem\u00e9rides<\/li><li>Talleres<\/li><li>Pl\u00e1ticas (temas de inter\u00e9s)<\/li><li>Conferencias virtuales.<\/li><\/ul><\/div>\n                <\/div><\/div>\t\t<\/div>\n\t\t\t\t<\/div>\n\t\t\t\t<div class=\"elementor-element elementor-element-dc00eac elementor-widget elementor-widget-eael-adv-accordion\" data-id=\"dc00eac\" data-element_type=\"widget\" data-widget_type=\"eael-adv-accordion.default\">\n\t\t\t\t<div class=\"elementor-widget-container\">\n\t\t\t        <div class=\"eael-adv-accordion\" id=\"eael-adv-accordion-dc00eac\" data-scroll-on-click=\"no\" data-scroll-speed=\"300\" data-accordion-id=\"dc00eac\" data-accordion-type=\"accordion\" data-toogle-speed=\"300\">\n    <div class=\"eael-accordion-list\">\n                <div id=\"bazar\" class=\"elementor-tab-title eael-accordion-header\" tabindex=\"0\" data-tab=\"1\" aria-controls=\"elementor-tab-content-2301\"><span class=\"eael-advanced-accordion-icon-closed\"><i aria-hidden=\"true\" class=\"fa-accordion-icon fas fa-plus\"><\/i><\/span><span class=\"eael-advanced-accordion-icon-opened\"><i aria-hidden=\"true\" class=\"fa-accordion-icon fas fa-minus\"><\/i><\/span><span class=\"eael-accordion-tab-title\">BAZAR<\/span><\/div><div id=\"elementor-tab-content-2301\" class=\"eael-accordion-content clearfix\" data-tab=\"1\" aria-labelledby=\"bazar\"><ul><li>Venta\u00a0<\/li><li>Selecci\u00f3n y separaci\u00f3n de donativos<\/li><li>Recaudaci\u00f3n de donativos para la venta<\/li><li>Difusi\u00f3n<\/li><\/ul><\/div>\n                <\/div><\/div>\t\t<\/div>\n\t\t\t\t<\/div>\n\t\t\t\t<\/div>\n\t\t\t\t\t<\/div>\n\t\t\t\t<\/div>\n\t\t\t\t\t\t\t<\/div>\n\t\t","protected":false},"excerpt":{"rendered":"<p>Programa de voluntariado Colaborar tambi\u00e9n es brindarnos horas de tu tiempo. Al formar parte del voluntariado AMANC participas en actividades dentro y fuera del CENTRO AMANC. Nuestros voluntarios son el coraz\u00f3n de AMANC Estado de M\u00e9xico, por eso ven y s\u00famate a alguno de nuestros programas: CENTRO Talleres Manualidades Circulo de lectura Pl\u00e1ticas\u00a0 Recaudaci\u00f3n de &hellip;<\/p>\n<p class=\"read-more\"> <a class=\"\" href=\"https:\/\/www.amancedomex.org\/?page_id=338\"> <span class=\"screen-reader-text\">Voluntariado<\/span> Leer m\u00e1s &raquo;<\/a><\/p>\n","protected":false},"author":2,"featured_media":0,"parent":0,"menu_order":0,"comment_status":"closed","ping_status":"closed","template":"","meta":{"site-sidebar-layout":"no-sidebar","site-content-layout":"","ast-site-content-layout":"full-width-container","site-content-style":"default","site-sidebar-style":"default","ast-global-header-display":"","ast-banner-title-visibility":"","ast-main-header-display":"","ast-hfb-above-header-display":"","ast-hfb-below-header-display":"","ast-hfb-mobile-header-display":"","site-post-title":"disabled","ast-breadcrumbs-content":"","ast-featured-img":"disabled","footer-sml-layout":"","theme-transparent-header-meta":"","adv-header-id-meta":"","stick-header-meta":"","header-above-stick-meta":"","header-main-stick-meta":"","header-below-stick-meta":"","astra-migrate-meta-layouts":"","ast-page-background-enabled":"default","ast-page-background-meta":{"desktop":{"background-color":"var(--ast-global-color-4)","background-image":"","background-repeat":"repeat","background-position":"center center","background-size":"auto","background-attachment":"scroll","background-type":"","background-media":"","overlay-type":"","overlay-color":"","overlay-gradient":""},"tablet":{"background-color":"","background-image":"","background-repeat":"repeat","background-position":"center center","background-size":"auto","background-attachment":"scroll","background-type":"","background-media":"","overlay-type":"","overlay-color":"","overlay-gradient":""},"mobile":{"background-color":"","background-image":"","background-repeat":"repeat","background-position":"center center","background-size":"auto","background-attachment":"scroll","background-type":"","background-media":"","overlay-type":"","overlay-color":"","overlay-gradient":""}},"ast-content-background-meta":{"desktop":{"background-color":"var(--ast-global-color-5)","background-image":"","background-repeat":"repeat","background-position":"center center","background-size":"auto","background-attachment":"scroll","background-type":"","background-media":"","overlay-type":"","overlay-color":"","overlay-gradient":""},"tablet":{"background-color":"var(--ast-global-color-5)","background-image":"","background-repeat":"repeat","background-position":"center center","background-size":"auto","background-attachment":"scroll","background-type":"","background-media":"","overlay-type":"","overlay-color":"","overlay-gradient":""},"mobile":{"background-color":"var(--ast-global-color-5)","background-image":"","background-repeat":"repeat","background-position":"center center","background-size":"auto","background-attachment":"scroll","background-type":"","background-media":"","overlay-type":"","overlay-color":"","overlay-gradient":""}},"footnotes":""},"class_list":["post-338","page","type-page","status-publish","hentry"],"yoast_head":"<!-- This site is optimized with the Yoast SEO plugin v23.5 - https:\/\/yoast.com\/wordpress\/plugins\/seo\/ -->\n<title>Voluntariado - Amancedomex<\/title>\n<meta name=\"robots\" content=\"index, follow, max-snippet:-1, max-image-preview:large, max-video-preview:-1\" \/>\n<link rel=\"canonical\" href=\"https:\/\/www.amancedomex.org\/?page_id=338\" \/>\n<meta property=\"og:locale\" content=\"es_MX\" \/>\n<meta property=\"og:type\" content=\"article\" \/>\n<meta property=\"og:title\" content=\"Voluntariado - Amancedomex\" \/>\n<meta property=\"og:description\" content=\"Programa de voluntariado Colaborar tambi\u00e9n es brindarnos horas de tu tiempo. Al formar parte del voluntariado AMANC participas en actividades dentro y fuera del CENTRO AMANC. Nuestros voluntarios son el coraz\u00f3n de AMANC Estado de M\u00e9xico, por eso ven y s\u00famate a alguno de nuestros programas: CENTRO Talleres Manualidades Circulo de lectura Pl\u00e1ticas\u00a0 Recaudaci\u00f3n de &hellip; Voluntariado Leer m\u00e1s &raquo;\" \/>\n<meta property=\"og:url\" content=\"https:\/\/www.amancedomex.org\/?page_id=338\" \/>\n<meta property=\"og:site_name\" content=\"Amancedomex\" \/>\n<meta property=\"article:modified_time\" content=\"2023-11-14T17:18:59+00:00\" \/>\n<meta property=\"og:image\" content=\"http:\/\/52.86.106.62\/wp-content\/uploads\/2023\/10\/voluntario1-1.png\" \/>\n<meta name=\"twitter:card\" content=\"summary_large_image\" \/>\n<script type=\"application\/ld+json\" class=\"yoast-schema-graph\">{\"@context\":\"https:\/\/schema.org\",\"@graph\":[{\"@type\":\"WebPage\",\"@id\":\"https:\/\/www.amancedomex.org\/?page_id=338\",\"url\":\"https:\/\/www.amancedomex.org\/?page_id=338\",\"name\":\"Voluntariado - Amancedomex\",\"isPartOf\":{\"@id\":\"https:\/\/www.amancedomex.org\/#website\"},\"primaryImageOfPage\":{\"@id\":\"https:\/\/www.amancedomex.org\/?page_id=338#primaryimage\"},\"image\":{\"@id\":\"https:\/\/www.amancedomex.org\/?page_id=338#primaryimage\"},\"thumbnailUrl\":\"http:\/\/52.86.106.62\/wp-content\/uploads\/2023\/10\/voluntario1-1.png\",\"datePublished\":\"2023-10-24T03:45:28+00:00\",\"dateModified\":\"2023-11-14T17:18:59+00:00\",\"breadcrumb\":{\"@id\":\"https:\/\/www.amancedomex.org\/?page_id=338#breadcrumb\"},\"inLanguage\":\"es\",\"potentialAction\":[{\"@type\":\"ReadAction\",\"target\":[\"https:\/\/www.amancedomex.org\/?page_id=338\"]}]},{\"@type\":\"ImageObject\",\"inLanguage\":\"es\",\"@id\":\"https:\/\/www.amancedomex.org\/?page_id=338#primaryimage\",\"url\":\"http:\/\/52.86.106.62\/wp-content\/uploads\/2023\/10\/voluntario1-1.png\",\"contentUrl\":\"http:\/\/52.86.106.62\/wp-content\/uploads\/2023\/10\/voluntario1-1.png\"},{\"@type\":\"BreadcrumbList\",\"@id\":\"https:\/\/www.amancedomex.org\/?page_id=338#breadcrumb\",\"itemListElement\":[{\"@type\":\"ListItem\",\"position\":1,\"name\":\"Inicio\",\"item\":\"https:\/\/www.amancedomex.org\/\"},{\"@type\":\"ListItem\",\"position\":2,\"name\":\"Voluntariado\"}]},{\"@type\":\"WebSite\",\"@id\":\"https:\/\/www.amancedomex.org\/#website\",\"url\":\"https:\/\/www.amancedomex.org\/\",\"name\":\"Amancedomex\",\"description\":\"\",\"potentialAction\":[{\"@type\":\"SearchAction\",\"target\":{\"@type\":\"EntryPoint\",\"urlTemplate\":\"https:\/\/www.amancedomex.org\/?s={search_term_string}\"},\"query-input\":{\"@type\":\"PropertyValueSpecification\",\"valueRequired\":true,\"valueName\":\"search_term_string\"}}],\"inLanguage\":\"es\"}]}<\/script>\n<!-- \/ Yoast SEO plugin. -->","yoast_head_json":{"title":"Voluntariado - Amancedomex","robots":{"index":"index","follow":"follow","max-snippet":"max-snippet:-1","max-image-preview":"max-image-preview:large","max-video-preview":"max-video-preview:-1"},"canonical":"https:\/\/www.amancedomex.org\/?page_id=338","og_locale":"es_MX","og_type":"article","og_title":"Voluntariado - Amancedomex","og_description":"Programa de voluntariado Colaborar tambi\u00e9n es brindarnos horas de tu tiempo. Al formar parte del voluntariado AMANC participas en actividades dentro y fuera del CENTRO AMANC. Nuestros voluntarios son el coraz\u00f3n de AMANC Estado de M\u00e9xico, por eso ven y s\u00famate a alguno de nuestros programas: CENTRO Talleres Manualidades Circulo de lectura Pl\u00e1ticas\u00a0 Recaudaci\u00f3n de &hellip; Voluntariado Leer m\u00e1s &raquo;","og_url":"https:\/\/www.amancedomex.org\/?page_id=338","og_site_name":"Amancedomex","article_modified_time":"2023-11-14T17:18:59+00:00","og_image":[{"url":"http:\/\/52.86.106.62\/wp-content\/uploads\/2023\/10\/voluntario1-1.png"}],"twitter_card":"summary_large_image","schema":{"@context":"https:\/\/schema.org","@graph":[{"@type":"WebPage","@id":"https:\/\/www.amancedomex.org\/?page_id=338","url":"https:\/\/www.amancedomex.org\/?page_id=338","name":"Voluntariado - Amancedomex","isPartOf":{"@id":"https:\/\/www.amancedomex.org\/#website"},"primaryImageOfPage":{"@id":"https:\/\/www.amancedomex.org\/?page_id=338#primaryimage"},"image":{"@id":"https:\/\/www.amancedomex.org\/?page_id=338#primaryimage"},"thumbnailUrl":"http:\/\/52.86.106.62\/wp-content\/uploads\/2023\/10\/voluntario1-1.png","datePublished":"2023-10-24T03:45:28+00:00","dateModified":"2023-11-14T17:18:59+00:00","breadcrumb":{"@id":"https:\/\/www.amancedomex.org\/?page_id=338#breadcrumb"},"inLanguage":"es","potentialAction":[{"@type":"ReadAction","target":["https:\/\/www.amancedomex.org\/?page_id=338"]}]},{"@type":"ImageObject","inLanguage":"es","@id":"https:\/\/www.amancedomex.org\/?page_id=338#primaryimage","url":"http:\/\/52.86.106.62\/wp-content\/uploads\/2023\/10\/voluntario1-1.png","contentUrl":"http:\/\/52.86.106.62\/wp-content\/uploads\/2023\/10\/voluntario1-1.png"},{"@type":"BreadcrumbList","@id":"https:\/\/www.amancedomex.org\/?page_id=338#breadcrumb","itemListElement":[{"@type":"ListItem","position":1,"name":"Inicio","item":"https:\/\/www.amancedomex.org\/"},{"@type":"ListItem","position":2,"name":"Voluntariado"}]},{"@type":"WebSite","@id":"https:\/\/www.amancedomex.org\/#website","url":"https:\/\/www.amancedomex.org\/","name":"Amancedomex","description":"","potentialAction":[{"@type":"SearchAction","target":{"@type":"EntryPoint","urlTemplate":"https:\/\/www.amancedomex.org\/?s={search_term_string}"},"query-input":{"@type":"PropertyValueSpecification","valueRequired":true,"valueName":"search_term_string"}}],"inLanguage":"es"}]}},"_links":{"self":[{"href":"https:\/\/www.amancedomex.org\/index.php?rest_route=\/wp\/v2\/pages\/338","targetHints":{"allow":["GET"]}}],"collection":[{"href":"https:\/\/www.amancedomex.org\/index.php?rest_route=\/wp\/v2\/pages"}],"about":[{"href":"https:\/\/www.amancedomex.org\/index.php?rest_route=\/wp\/v2\/types\/page"}],"author":[{"embeddable":true,"href":"https:\/\/www.amancedomex.org\/index.php?rest_route=\/wp\/v2\/users\/2"}],"replies":[{"embeddable":true,"href":"https:\/\/www.amancedomex.org\/index.php?rest_route=%2Fwp%2Fv2%2Fcomments&post=338"}],"version-history":[{"count":175,"href":"https:\/\/www.amancedomex.org\/index.php?rest_route=\/wp\/v2\/pages\/338\/revisions"}],"predecessor-version":[{"id":3090,"href":"https:\/\/www.amancedomex.org\/index.php?rest_route=\/wp\/v2\/pages\/338\/revisions\/3090"}],"wp:attachment":[{"href":"https:\/\/www.amancedomex.org\/index.php?rest_route=%2Fwp%2Fv2%2Fmedia&parent=338"}],"curies":[{"name":"wp","href":"https:\/\/api.w.org\/{rel}","templated":true}]}}